{"id":9,"date":"2019-10-02T12:37:43","date_gmt":"2019-10-02T10:37:43","guid":{"rendered":"https:\/\/www.terminstratege.com\/?page_id=9"},"modified":"2020-07-22T15:38:52","modified_gmt":"2020-07-22T13:38:52","slug":"impressum","status":"publish","type":"page","link":"https:\/\/www.terminstratege.com\/en\/impressum\/","title":{"rendered":"Impressum"},"content":{"rendered":"<p>B\u00fcrofabrik UG<br \/>\nTumblinger Str. 9,\u00a0 80337 M\u00fcnchen<\/p>\n<p>Vertreten durch die Gesch\u00e4ftsf\u00fchrerin: K. Schilla<\/p>\n<p>Eingetragen im Handelsregister<br \/>\nHRB M\u00fcnchen 212714<\/p>\n<p>Telefon: +49 (0) 171 619 7171<br \/>\nE-Mail: <a href=\"mailto:info@buerofabrik.com\">info@buerofabrik.com<\/a><\/p>\n<p>Umsatzsteuer-Identifikationsnummer gem\u00e4\u00df \u00a727 a Umsatzsteuergesetz: keine vorhanden<\/p>\n<p>Streitschlichtung<br \/>\nDie Europ\u00e4ische Kommission stellt eine Plattform zur Online-Streitbeilegung (OS) bereit: https:\/\/ec.europa.eu\/consumers\/odr.<br \/>\nUnsere E-Mail-Adresse finden Sie oben im Impressum.<\/p>\n<p>Wir sind nicht bereit oder verpflichtet, an Streitbeilegungsverfahren vor einer Verbraucherschlichtungsstelle teilzunehmen.<\/p>\n<p>Inhaltlich Verantwortlicher gem\u00e4\u00df \u00a7 55 Rundfunkstaatsvertrag (RStV): B\u00fcrofabrik UG, Fl\u00f6\u00dferstr. 18, 86974 Apfeldorf<\/p>\n<p><strong>Zus\u00e4tzliche Hinweise<\/strong><\/p>\n<p>Webdesign, Programmierung, Webhosting:<br \/>\n<a href=\"https:\/\/www.ovm.de\" target=\"_blank\" rel=\"noopener noreferrer\">OVM Rudolf Fiedler<\/a><\/p>\n<p>Haftung f\u00fcr Inhalte<br \/>\nAls Diensteanbieter sind wir gem\u00e4\u00df \u00a7 7 Abs.1 TMG f\u00fcr eigene Inhalte auf diesen Seiten nach den allgemeinen Gesetzen verantwortlich. Nach \u00a7\u00a7 8 bis 10 TMG sind wir als Diensteanbieter jedoch nicht verpflichtet, \u00fcbermittelte oder gespeicherte fremde Informationen zu \u00fcberwachen oder nach Umst\u00e4nden zu forschen, die auf eine rechtswidrige T\u00e4tigkeit hinweisen.<\/p>\n<p>Verpflichtungen zur Entfernung oder Sperrung der Nutzung von Informationen nach den allgemeinen Gesetzen bleiben hiervon unber\u00fchrt. Eine diesbez\u00fcgliche Haftung ist jedoch erst ab dem Zeitpunkt der Kenntnis einer konkreten Rechtsverletzung m\u00f6glich. Bei Bekanntwerden von entsprechenden Rechtsverletzungen werden wir diese Inhalte umgehend entfernen.<\/p>\n<p>Haftung f\u00fcr Links<br \/>\nUnser Angebot enth\u00e4lt Links zu externen Websites Dritter, auf deren Inhalte wir keinen Einfluss haben. Deshalb k\u00f6nnen wir f\u00fcr diese fremden Inhalte auch keine Gew\u00e4hr \u00fcbernehmen. F\u00fcr die Inhalte der verlinkten Seiten ist stets der jeweilige Anbieter oder Betreiber der Seiten verantwortlich. Die verlinkten Seiten wurden zum Zeitpunkt der Verlinkung auf m\u00f6gliche Rechtsverst\u00f6\u00dfe \u00fcberpr\u00fcft. Rechtswidrige Inhalte waren zum Zeitpunkt der Verlinkung nicht erkennbar.<\/p>\n<p>Eine permanente inhaltliche Kontrolle der verlinkten Seiten ist jedoch ohne konkrete Anhaltspunkte einer Rechtsverletzung nicht zumutbar. Bei Bekanntwerden von Rechtsverletzungen werden wir derartige Links umgehend entfernen.<\/p>\n<p>Urheberrecht<br \/>\nDie durch die Seitenbetreiber erstellten Inhalte und Werke auf diesen Seiten unterliegen dem deutschen Urheberrecht. Die Vervielf\u00e4ltigung, Bearbeitung, Verbreitung und jede Art der Verwertung au\u00dferhalb der Grenzen des Urheberrechtes bed\u00fcrfen der schriftlichen Zustimmung des jeweiligen Autors bzw. Erstellers. Downloads und Kopien dieser Seite sind nur f\u00fcr den privaten, nicht kommerziellen Gebrauch gestattet.<\/p>\n<p>Soweit die Inhalte auf dieser Seite nicht vom Betreiber erstellt wurden, werden die Urheberrechte Dritter beachtet. Insbesondere werden Inhalte Dritter als solche gekennzeichnet. Sollten Sie trotzdem auf eine Urheberrechtsverletzung aufmerksam werden, bitten wir um einen entsprechenden Hinweis. Bei Bekanntwerden von Rechtsverletzungen werden wir derartige Inhalte umgehend entfernen.<\/p>\n","protected":false},"excerpt":{"rendered":"<p>B\u00fcrofabrik UG Tumblinger Str. 9,\u00a0 80337 M\u00fcnchen Vertreten durch die Gesch\u00e4ftsf\u00fchrerin: K. Schilla Eingetragen im Handelsregister HRB M\u00fcnchen 212714 Telefon: +49 (0) 171 619 7171 E-Mail: info@buerofabrik.com Umsatzsteuer-Identifikationsnummer gem\u00e4\u00df \u00a727 a Umsatzsteuergesetz: keine vorhanden Streitschlichtung Die Europ\u00e4ische Kommission stellt eine <span class=\"excerpt-dots\">&hellip;<\/span> <a class=\"more-link\" href=\"https:\/\/www.terminstratege.com\/en\/impressum\/\"><span class=\"more-msg\">Continue reading &rarr;<\/span><\/a><\/p>\n","protected":false},"author":1,"featured_media":0,"parent":0,"menu_order":0,"comment_status":"closed","ping_status":"closed","template":"","meta":[],"translation":{"provider":"WPGlobus","version":"2.6.3","language":"en","enabled_languages":["de","en"],"languages":{"de":{"title":true,"content":true,"excerpt":false},"en":{"title":false,"content":false,"excerpt":false}}},"yoast_head":"<!-- This site is optimized with the Yoast SEO plugin v15.7 - https:\/\/yoast.com\/wordpress\/plugins\/seo\/ -->\n<title>Impressum - Terminstratege<\/title>\n<meta name=\"robots\" content=\"noindex, nofollow\" \/>\n<meta property=\"og:locale\" content=\"en_US\" \/>\n<meta property=\"og:type\" content=\"article\" \/>\n<meta property=\"og:title\" content=\"Impressum - Terminstratege\" \/>\n<meta property=\"og:url\" content=\"https:\/\/www.terminstratege.com\/impressum\/\" \/>\n<meta property=\"og:site_name\" content=\"Terminstratege\" \/>\n<meta property=\"article:modified_time\" content=\"2020-07-22T13:38:52+00:00\" \/>\n<meta name=\"twitter:card\" content=\"summary_large_image\" \/>\n<meta name=\"twitter:label1\" content=\"Est. reading time\">\n\t<meta name=\"twitter:data1\" content=\"2 minutes\">\n<script type=\"application\/ld+json\" class=\"yoast-schema-graph\">{\"@context\":\"https:\/\/schema.org\",\"@graph\":[{\"@type\":\"WebSite\",\"@id\":\"https:\/\/www.terminstratege.com\/#website\",\"url\":\"https:\/\/www.terminstratege.com\/\",\"name\":\"Terminstratege\",\"description\":\"Neukunden per Telefon\",\"potentialAction\":[{\"@type\":\"SearchAction\",\"target\":\"https:\/\/www.terminstratege.com\/?s={search_term_string}\",\"query-input\":\"required name=search_term_string\"}],\"inLanguage\":\"en-US\"},{\"@type\":\"WebPage\",\"@id\":\"https:\/\/www.terminstratege.com\/impressum\/#webpage\",\"url\":\"https:\/\/www.terminstratege.com\/impressum\/\",\"name\":\"Impressum - Terminstratege\",\"isPartOf\":{\"@id\":\"https:\/\/www.terminstratege.com\/#website\"},\"datePublished\":\"2019-10-02T10:37:43+00:00\",\"dateModified\":\"2020-07-22T13:38:52+00:00\",\"inLanguage\":\"en-US\",\"potentialAction\":[{\"@type\":\"ReadAction\",\"target\":[\"https:\/\/www.terminstratege.com\/impressum\/\"]}]}]}<\/script>\n<!-- \/ Yoast SEO plugin. -->","_links":{"self":[{"href":"https:\/\/www.terminstratege.com\/en\/wp-json\/wp\/v2\/pages\/9"}],"collection":[{"href":"https:\/\/www.terminstratege.com\/en\/wp-json\/wp\/v2\/pages"}],"about":[{"href":"https:\/\/www.terminstratege.com\/en\/wp-json\/wp\/v2\/types\/page"}],"author":[{"embeddable":true,"href":"https:\/\/www.terminstratege.com\/en\/wp-json\/wp\/v2\/users\/1"}],"replies":[{"embeddable":true,"href":"https:\/\/www.terminstratege.com\/en\/wp-json\/wp\/v2\/comments?post=9"}],"version-history":[{"count":7,"href":"https:\/\/www.terminstratege.com\/en\/wp-json\/wp\/v2\/pages\/9\/revisions"}],"predecessor-version":[{"id":1100,"href":"https:\/\/www.terminstratege.com\/en\/wp-json\/wp\/v2\/pages\/9\/revisions\/1100"}],"wp:attachment":[{"href":"https:\/\/www.terminstratege.com\/en\/wp-json\/wp\/v2\/media?parent=9"}],"curies":[{"name":"wp","href":"https:\/\/api.w.org\/{rel}","templated":true}]}}